{"id":70,"date":"2025-07-22T11:21:57","date_gmt":"2025-07-22T11:21:57","guid":{"rendered":"https:\/\/afrikastar.com\/?page_id=70"},"modified":"2025-10-29T15:10:17","modified_gmt":"2025-10-29T15:10:17","slug":"services","status":"publish","type":"page","link":"https:\/\/afrikastar.com\/fr\/services\/","title":{"rendered":"Services"},"content":{"rendered":"<div data-elementor-type=\"wp-page\" data-elementor-id=\"70\" class=\"elementor elementor-70\" data-elementor-post-type=\"page\">\n\t\t\t\t<div class=\"elementor-element elementor-element-f751d79 e-con-full top-banner-position e-flex e-con e-parent\" data-id=\"f751d79\" data-element_type=\"container\" data-settings=\"{&quot;background_background&quot;:&quot;classic&quot;}\">\n\t\t<div class=\"elementor-element elementor-element-5cd6240 e-flex e-con-boxed e-con e-child\" data-id=\"5cd6240\" data-element_type=\"container\">\n\t\t\t\t\t<div class=\"e-con-inner\">\n\t\t\t\t<div class=\"elementor-element elementor-element-a0e3f16 elementor-widget__width-initial elementor-widget elementor-widget-text-editor\" data-id=\"a0e3f16\" data-element_type=\"widget\" data-widget_type=\"text-editor.default\">\n\t\t\t\t\t\t\t\t\t<h1><strong>Services<\/strong><\/h1>\t\t\t\t\t\t\t\t<\/div>\n\t\t\t\t<div class=\"elementor-element elementor-element-97603ed elementor-widget__width-initial elementor-widget elementor-widget-text-editor\" data-id=\"97603ed\" data-element_type=\"widget\" data-widget_type=\"text-editor.default\">\n\t\t\t\t\t\t\t\t\t<p>Connectivit\u00e9 Internet fiable, rapide et abordable pour les foyers, les entreprises et les communaut\u00e9s \u00e0 travers l\u2019Afrique.<\/p>\t\t\t\t\t\t\t\t<\/div>\n\t\t\t\t\t<\/div>\n\t\t\t\t<\/div>\n\t\t\t\t<\/div>\n\t\t<div class=\"elementor-element elementor-element-e29a507 e-con-full e-flex e-con e-parent\" data-id=\"e29a507\" data-element_type=\"container\">\n\t\t\t\t<div class=\"elementor-element elementor-element-b97c380 elementor-widget elementor-widget-heading\" data-id=\"b97c380\" data-element_type=\"widget\" data-widget_type=\"heading.default\">\n\t\t\t\t\t<h2 class=\"elementor-heading-title elementor-size-default\">Afrika Star Service<\/h2>\t\t\t\t<\/div>\n\t\t<div class=\"elementor-element elementor-element-a9e25b0 e-flex e-con-boxed e-con e-child\" data-id=\"a9e25b0\" data-element_type=\"container\">\n\t\t\t\t\t<div class=\"e-con-inner\">\n\t\t<div class=\"elementor-element elementor-element-b2610df e-con-full what-we-do-thumbnail e-flex e-con e-child\" data-id=\"b2610df\" data-element_type=\"container\" data-settings=\"{&quot;position&quot;:&quot;absolute&quot;}\">\n\t\t\t\t<div class=\"elementor-element elementor-element-d85fcf8 elementor-widget elementor-widget-image\" data-id=\"d85fcf8\" data-element_type=\"widget\" data-widget_type=\"image.default\">\n\t\t\t\t\t\t\t\t\t\t\t\t\t\t\t<img fetchpriority=\"high\" decoding=\"async\" width=\"800\" height=\"778\" src=\"https:\/\/afrikastar.com\/wp-content\/uploads\/2025\/08\/star-service-left-min.png\" class=\"attachment-large size-large wp-image-1635\" alt=\"\" srcset=\"https:\/\/afrikastar.com\/wp-content\/uploads\/2025\/08\/star-service-left-min.png 947w, https:\/\/afrikastar.com\/wp-content\/uploads\/2025\/08\/star-service-left-min-300x292.png 300w, https:\/\/afrikastar.com\/wp-content\/uploads\/2025\/08\/star-service-left-min-768x747.png 768w, https:\/\/afrikastar.com\/wp-content\/uploads\/2025\/08\/star-service-left-min-600x584.png 600w\" sizes=\"(max-width: 800px) 100vw, 800px\" \/>\t\t\t\t\t\t\t\t\t\t\t\t\t\t\t<\/div>\n\t\t\t\t<\/div>\n\t\t<div class=\"elementor-element elementor-element-60e5ee1 e-con-full what-we-do-items e-flex e-con e-child\" data-id=\"60e5ee1\" data-element_type=\"container\">\n\t\t\t\t<div class=\"elementor-element elementor-element-dbb1594 elementor-widget elementor-widget-text-editor\" data-id=\"dbb1594\" data-element_type=\"widget\" data-widget_type=\"text-editor.default\">\n\t\t\t\t\t\t\t\t\t<p>Chez AfrikaStar, nous croyons que chaque communaut\u00e9 m\u00e9rite un acc\u00e8s Internet rapide, fiable et abordable \u2014 peu importe o\u00f9 elle se trouve. Gr\u00e2ce \u00e0 la technologie satellite avanc\u00e9e, nous apportons la connectivit\u00e9 haut d\u00e9bit dans les r\u00e9gions o\u00f9 les r\u00e9seaux traditionnels ne peuvent pas atteindre.<\/p><p>Nos services couvrent plus de 30 pays d\u2019Afrique subsaharienne, offrant aux foyers, aux entreprises, aux \u00e9coles et aux organisations la possibilit\u00e9 de se connecter au monde. Avec AfrikaStar, la distance et l\u2019emplacement ne sont plus des obstacles \u00e0 la communication.<\/p><p>Que vous viviez dans une ville anim\u00e9e ou dans un village rural \u00e9loign\u00e9, AfrikaStar vous garantit de rester connect\u00e9 \u2014 pour apprendre, travailler, grandir et prosp\u00e9rer.<\/p>\t\t\t\t\t\t\t\t<\/div>\n\t\t\t\t<\/div>\n\t\t\t\t\t<\/div>\n\t\t\t\t<\/div>\n\t\t\t\t<\/div>\n\t\t<div class=\"elementor-element elementor-element-00bed72 e-con-full e-flex e-con e-parent\" data-id=\"00bed72\" data-element_type=\"container\" data-settings=\"{&quot;background_background&quot;:&quot;gradient&quot;}\">\n\t\t\t\t<div class=\"elementor-element elementor-element-ea88a78 elementor-widget elementor-widget-heading\" data-id=\"ea88a78\" data-element_type=\"widget\" data-widget_type=\"heading.default\">\n\t\t\t\t\t<h2 class=\"elementor-heading-title elementor-size-default\">Pourquoi nous choisir ?<\/h2>\t\t\t\t<\/div>\n\t\t<div class=\"elementor-element elementor-element-6b94375 e-grid e-con-boxed e-con e-child\" data-id=\"6b94375\" data-element_type=\"container\">\n\t\t\t\t\t<div class=\"e-con-inner\">\n\t\t<div class=\"elementor-element elementor-element-383eccb e-con-full why-choose-item e-flex e-con e-child\" data-id=\"383eccb\" data-element_type=\"container\">\n\t\t<div class=\"elementor-element elementor-element-591a3a7 e-con-full e-flex e-con e-child\" data-id=\"591a3a7\" data-element_type=\"container\" data-settings=\"{&quot;background_background&quot;:&quot;classic&quot;}\">\n\t\t\t\t<div class=\"elementor-element elementor-element-5131e9d elementor-widget elementor-widget-image\" data-id=\"5131e9d\" data-element_type=\"widget\" data-widget_type=\"image.default\">\n\t\t\t\t\t\t\t\t\t\t\t\t\t\t\t<img decoding=\"async\" width=\"512\" height=\"512\" src=\"https:\/\/afrikastar.com\/wp-content\/uploads\/2025\/08\/Chosen-by-Businesses-Communities-1.png\" class=\"attachment-large size-large wp-image-1978\" alt=\"\" srcset=\"https:\/\/afrikastar.com\/wp-content\/uploads\/2025\/08\/Chosen-by-Businesses-Communities-1.png 512w, https:\/\/afrikastar.com\/wp-content\/uploads\/2025\/08\/Chosen-by-Businesses-Communities-1-300x300.png 300w, https:\/\/afrikastar.com\/wp-content\/uploads\/2025\/08\/Chosen-by-Businesses-Communities-1-150x150.png 150w, https:\/\/afrikastar.com\/wp-content\/uploads\/2025\/08\/Chosen-by-Businesses-Communities-1-100x100.png 100w\" sizes=\"(max-width: 512px) 100vw, 512px\" \/>\t\t\t\t\t\t\t\t\t\t\t\t\t\t\t<\/div>\n\t\t\t\t<\/div>\n\t\t\t\t<div class=\"elementor-element elementor-element-e2a9c51 elementor-widget elementor-widget-heading\" data-id=\"e2a9c51\" data-element_type=\"widget\" data-widget_type=\"heading.default\">\n\t\t\t\t\t<h6 class=\"elementor-heading-title elementor-size-default\">Choisi par les entreprises et les communaut\u00e9s<\/h6>\t\t\t\t<\/div>\n\t\t\t\t<div class=\"elementor-element elementor-element-8c0d2e0 elementor-widget elementor-widget-text-editor\" data-id=\"8c0d2e0\" data-element_type=\"widget\" data-widget_type=\"text-editor.default\">\n\t\t\t\t\t\t\t\t\t<p><span data-teams=\"true\">Des startups en croissance aux communaut\u00e9s rurales, les Africains font confiance \u00e0 Africa Star pour rester connect\u00e9s.<\/span><\/p>\t\t\t\t\t\t\t\t<\/div>\n\t\t\t\t<\/div>\n\t\t<div class=\"elementor-element elementor-element-ea4cb65 e-con-full why-choose-item e-flex e-con e-child\" data-id=\"ea4cb65\" data-element_type=\"container\">\n\t\t<div class=\"elementor-element elementor-element-41835a7 e-con-full e-flex e-con e-child\" data-id=\"41835a7\" data-element_type=\"container\" data-settings=\"{&quot;background_background&quot;:&quot;classic&quot;}\">\n\t\t\t\t<div class=\"elementor-element elementor-element-39b0a32 elementor-widget elementor-widget-image\" data-id=\"39b0a32\" data-element_type=\"widget\" data-widget_type=\"image.default\">\n\t\t\t\t\t\t\t\t\t\t\t\t\t\t\t<img decoding=\"async\" width=\"512\" height=\"512\" src=\"https:\/\/afrikastar.com\/wp-content\/uploads\/2025\/08\/Fast-Easy-Installation-1.png\" class=\"attachment-large size-large wp-image-1977\" alt=\"\" srcset=\"https:\/\/afrikastar.com\/wp-content\/uploads\/2025\/08\/Fast-Easy-Installation-1.png 512w, https:\/\/afrikastar.com\/wp-content\/uploads\/2025\/08\/Fast-Easy-Installation-1-300x300.png 300w, https:\/\/afrikastar.com\/wp-content\/uploads\/2025\/08\/Fast-Easy-Installation-1-150x150.png 150w, https:\/\/afrikastar.com\/wp-content\/uploads\/2025\/08\/Fast-Easy-Installation-1-100x100.png 100w\" sizes=\"(max-width: 512px) 100vw, 512px\" \/>\t\t\t\t\t\t\t\t\t\t\t\t\t\t\t<\/div>\n\t\t\t\t<\/div>\n\t\t\t\t<div class=\"elementor-element elementor-element-9e7a9dc elementor-widget elementor-widget-heading\" data-id=\"9e7a9dc\" data-element_type=\"widget\" data-widget_type=\"heading.default\">\n\t\t\t\t\t<h6 class=\"elementor-heading-title elementor-size-default\">Installation rapide et facile<\/h6>\t\t\t\t<\/div>\n\t\t\t\t<div class=\"elementor-element elementor-element-8929f65 elementor-widget elementor-widget-text-editor\" data-id=\"8929f65\" data-element_type=\"widget\" data-widget_type=\"text-editor.default\">\n\t\t\t\t\t\t\t\t\t<p><span data-teams=\"true\">Connectez-vous rapidement gr\u00e2ce \u00e0 un processus d\u2019installation fluide et efficace.<\/span><\/p>\t\t\t\t\t\t\t\t<\/div>\n\t\t\t\t<\/div>\n\t\t<div class=\"elementor-element elementor-element-372baad e-con-full why-choose-item e-flex e-con e-child\" data-id=\"372baad\" data-element_type=\"container\">\n\t\t<div class=\"elementor-element elementor-element-1341a1e e-con-full e-flex e-con e-child\" data-id=\"1341a1e\" data-element_type=\"container\" data-settings=\"{&quot;background_background&quot;:&quot;classic&quot;}\">\n\t\t\t\t<div class=\"elementor-element elementor-element-5cb524f elementor-widget elementor-widget-image\" data-id=\"5cb524f\" data-element_type=\"widget\" data-widget_type=\"image.default\">\n\t\t\t\t\t\t\t\t\t\t\t\t\t\t\t<img loading=\"lazy\" decoding=\"async\" width=\"800\" height=\"800\" src=\"https:\/\/afrikastar.com\/wp-content\/uploads\/2025\/08\/winner.png\" class=\"attachment-large size-large wp-image-1991\" alt=\"\" srcset=\"https:\/\/afrikastar.com\/wp-content\/uploads\/2025\/08\/winner.png 1024w, https:\/\/afrikastar.com\/wp-content\/uploads\/2025\/08\/winner-300x300.png 300w, https:\/\/afrikastar.com\/wp-content\/uploads\/2025\/08\/winner-150x150.png 150w, https:\/\/afrikastar.com\/wp-content\/uploads\/2025\/08\/winner-768x768.png 768w, https:\/\/afrikastar.com\/wp-content\/uploads\/2025\/08\/winner-600x600.png 600w, https:\/\/afrikastar.com\/wp-content\/uploads\/2025\/08\/winner-100x100.png 100w\" sizes=\"(max-width: 800px) 100vw, 800px\" \/>\t\t\t\t\t\t\t\t\t\t\t\t\t\t\t<\/div>\n\t\t\t\t<\/div>\n\t\t\t\t<div class=\"elementor-element elementor-element-934265b elementor-widget elementor-widget-heading\" data-id=\"934265b\" data-element_type=\"widget\" data-widget_type=\"heading.default\">\n\t\t\t\t\t<h6 class=\"elementor-heading-title elementor-size-default\">\u00c9quipements de haute qualit\u00e9<\/h6>\t\t\t\t<\/div>\n\t\t\t\t<div class=\"elementor-element elementor-element-72eef57 elementor-widget elementor-widget-text-editor\" data-id=\"72eef57\" data-element_type=\"widget\" data-widget_type=\"text-editor.default\">\n\t\t\t\t\t\t\t\t\t<p><span data-teams=\"true\">Nous fournissons des \u00e9quipements modernes et durables, con\u00e7us pour offrir des performances solides dans toutes les conditions.<\/span><\/p>\t\t\t\t\t\t\t\t<\/div>\n\t\t\t\t<\/div>\n\t\t<div class=\"elementor-element elementor-element-55bb7be e-con-full why-choose-item e-flex e-con e-child\" data-id=\"55bb7be\" data-element_type=\"container\">\n\t\t<div class=\"elementor-element elementor-element-1063a72 e-con-full e-flex e-con e-child\" data-id=\"1063a72\" data-element_type=\"container\" data-settings=\"{&quot;background_background&quot;:&quot;classic&quot;}\">\n\t\t\t\t<div class=\"elementor-element elementor-element-60dfc04 elementor-widget elementor-widget-image\" data-id=\"60dfc04\" data-element_type=\"widget\" data-widget_type=\"image.default\">\n\t\t\t\t\t\t\t\t\t\t\t\t\t\t\t<img loading=\"lazy\" decoding=\"async\" width=\"800\" height=\"800\" src=\"https:\/\/afrikastar.com\/wp-content\/uploads\/2025\/08\/wifi.png\" class=\"attachment-large size-large wp-image-1990\" alt=\"\" srcset=\"https:\/\/afrikastar.com\/wp-content\/uploads\/2025\/08\/wifi.png 1024w, https:\/\/afrikastar.com\/wp-content\/uploads\/2025\/08\/wifi-300x300.png 300w, https:\/\/afrikastar.com\/wp-content\/uploads\/2025\/08\/wifi-150x150.png 150w, https:\/\/afrikastar.com\/wp-content\/uploads\/2025\/08\/wifi-768x768.png 768w, https:\/\/afrikastar.com\/wp-content\/uploads\/2025\/08\/wifi-600x600.png 600w, https:\/\/afrikastar.com\/wp-content\/uploads\/2025\/08\/wifi-100x100.png 100w\" sizes=\"(max-width: 800px) 100vw, 800px\" \/>\t\t\t\t\t\t\t\t\t\t\t\t\t\t\t<\/div>\n\t\t\t\t<\/div>\n\t\t\t\t<div class=\"elementor-element elementor-element-17ca26c elementor-widget elementor-widget-heading\" data-id=\"17ca26c\" data-element_type=\"widget\" data-widget_type=\"heading.default\">\n\t\t\t\t\t<h6 class=\"elementor-heading-title elementor-size-default\">Connectivit\u00e9 fiable partout<\/h6>\t\t\t\t<\/div>\n\t\t\t\t<div class=\"elementor-element elementor-element-25741ca elementor-widget elementor-widget-text-editor\" data-id=\"25741ca\" data-element_type=\"widget\" data-widget_type=\"text-editor.default\">\n\t\t\t\t\t\t\t\t\t<p><span data-teams=\"true\">Profitez d\u2019un acc\u00e8s Internet ininterrompu, m\u00eame dans les zones difficiles d\u2019acc\u00e8s, gr\u00e2ce \u00e0 notre technologie satellite.<\/span><\/p>\t\t\t\t\t\t\t\t<\/div>\n\t\t\t\t<\/div>\n\t\t\t\t\t<\/div>\n\t\t\t\t<\/div>\n\t\t\t\t<\/div>\n\t\t<div class=\"elementor-element elementor-element-d9e6be7 e-flex e-con-boxed e-con e-child\" data-id=\"d9e6be7\" data-element_type=\"container\">\n\t\t\t\t\t<div class=\"e-con-inner\">\n\t\t<div class=\"elementor-element elementor-element-40f5a40 e-con-full what-we-do-items e-flex e-con e-child\" data-id=\"40f5a40\" data-element_type=\"container\">\n\t\t\t\t<div class=\"elementor-element elementor-element-bef0da4 elementor-widget elementor-widget-heading\" data-id=\"bef0da4\" data-element_type=\"widget\" data-widget_type=\"heading.default\">\n\t\t\t\t\t<h2 class=\"elementor-heading-title elementor-size-default\">Notre processus<\/h2>\t\t\t\t<\/div>\n\t\t\t\t<div class=\"elementor-element elementor-element-b27dab7 elementor-widget elementor-widget-text-editor\" data-id=\"b27dab7\" data-element_type=\"widget\" data-widget_type=\"text-editor.default\">\n\t\t\t\t\t\t\t\t\t<p><span data-teams=\"true\">Chez Africa Star, nous offrons une connectivit\u00e9 fiable partout, avec des \u00e9quipements de haute qualit\u00e9 et un processus d\u2019installation rapide et facile. Que ce soit pour les entreprises ou les communaut\u00e9s, les Africains nous font confiance pour rester connect\u00e9s. D\u00e8s que vous nous contactez, nous vous guidons \u00e0 travers un processus simple : d\u2019abord, nous v\u00e9rifions la couverture dans votre zone, puis nous livrons le bon \u00e9quipement, l\u2019installons rapidement et nous assurons que vous profitiez d\u2019un acc\u00e8s Internet fluide o\u00f9 que vous soyez.<\/span><\/p>\t\t\t\t\t\t\t\t<\/div>\n\t\t\t\t<\/div>\n\t\t<div class=\"elementor-element elementor-element-dad9dd0 e-con-full what-we-do-thumbnail e-flex e-con e-child\" data-id=\"dad9dd0\" data-element_type=\"container\" data-settings=\"{&quot;position&quot;:&quot;absolute&quot;}\">\n\t\t\t\t<div class=\"elementor-element elementor-element-28e483b elementor-widget elementor-widget-image\" data-id=\"28e483b\" data-element_type=\"widget\" data-widget_type=\"image.default\">\n\t\t\t\t\t\t\t\t\t\t\t\t\t\t\t<img loading=\"lazy\" decoding=\"async\" width=\"800\" height=\"734\" src=\"https:\/\/afrikastar.com\/wp-content\/uploads\/2025\/08\/Group-34-min.png\" class=\"attachment-large size-large wp-image-1713\" alt=\"\" srcset=\"https:\/\/afrikastar.com\/wp-content\/uploads\/2025\/08\/Group-34-min.png 800w, https:\/\/afrikastar.com\/wp-content\/uploads\/2025\/08\/Group-34-min-300x275.png 300w, https:\/\/afrikastar.com\/wp-content\/uploads\/2025\/08\/Group-34-min-768x705.png 768w, https:\/\/afrikastar.com\/wp-content\/uploads\/2025\/08\/Group-34-min-600x551.png 600w\" sizes=\"(max-width: 800px) 100vw, 800px\" \/>\t\t\t\t\t\t\t\t\t\t\t\t\t\t\t<\/div>\n\t\t\t\t<\/div>\n\t\t\t\t\t<\/div>\n\t\t\t\t<\/div>\n\t\t<div class=\"elementor-element elementor-element-a35958b e-flex e-con-boxed e-con e-parent\" data-id=\"a35958b\" data-element_type=\"container\" data-settings=\"{&quot;background_background&quot;:&quot;gradient&quot;}\">\n\t\t\t\t\t<div class=\"e-con-inner\">\n\t\t<div class=\"elementor-element elementor-element-8a468f1 e-con-full e-flex e-con e-child\" data-id=\"8a468f1\" data-element_type=\"container\">\n\t\t\t\t<div class=\"elementor-element elementor-element-64fbfe4 elementor-widget elementor-widget-heading\" data-id=\"64fbfe4\" data-element_type=\"widget\" data-widget_type=\"heading.default\">\n\t\t\t\t\t<h2 class=\"elementor-heading-title elementor-size-default\">Notre plan de service<\/h2>\t\t\t\t<\/div>\n\t\t<div class=\"elementor-element elementor-element-d7ad4e5 e-con-full e-grid e-con e-child\" data-id=\"d7ad4e5\" data-element_type=\"container\">\n\t\t<div class=\"elementor-element elementor-element-d8554c4 e-con-full e-flex e-con e-child\" data-id=\"d8554c4\" data-element_type=\"container\">\n\t\t\t\t<\/div>\n\t\t<div class=\"elementor-element elementor-element-45fe930 e-con-full e-flex e-con e-child\" data-id=\"45fe930\" data-element_type=\"container\" data-settings=\"{&quot;background_background&quot;:&quot;classic&quot;}\">\n\t\t<div class=\"elementor-element elementor-element-b3253d9 e-con-full e-flex e-con e-child\" data-id=\"b3253d9\" data-element_type=\"container\" data-settings=\"{&quot;background_background&quot;:&quot;classic&quot;}\">\n\t\t\t\t<div class=\"elementor-element elementor-element-9a6236d elementor-widget elementor-widget-heading\" data-id=\"9a6236d\" data-element_type=\"widget\" data-widget_type=\"heading.default\">\n\t\t\t\t\t<h4 class=\"elementor-heading-title elementor-size-default\">Illimit\u00e9 avec les sp\u00e9cifications mentionn\u00e9es<\/h4>\t\t\t\t<\/div>\n\t\t\t\t<\/div>\n\t\t\t\t<div class=\"elementor-element elementor-element-c00c21d elementor-icon-list--layout-traditional elementor-list-item-link-full_width elementor-widget elementor-widget-icon-list\" data-id=\"c00c21d\" data-element_type=\"widget\" data-widget_type=\"icon-list.default\">\n\t\t\t\t\t\t\t<ul class=\"elementor-icon-list-items\">\n\t\t\t\t\t\t\t<li class=\"elementor-icon-list-item\">\n\t\t\t\t\t\t\t\t\t\t\t<span class=\"elementor-icon-list-icon\">\n\t\t\t\t\t\t\t<svg aria-hidden=\"true\" class=\"e-font-icon-svg e-fas-circle\" viewbox=\"0 0 512 512\" xmlns=\"http:\/\/www.w3.org\/2000\/svg\"><path d=\"M256 8C119 8 8 119 8 256s111 248 248 248 248-111 248-248S393 8 256 8z\"><\/path><\/svg>\t\t\t\t\t\t<\/span>\n\t\t\t\t\t\t\t\t\t\t<span class=\"elementor-icon-list-text\">Les utilisateurs soumettent leurs informations personnelles via un formulaire.<\/span>\n\t\t\t\t\t\t\t\t\t<\/li>\n\t\t\t\t\t\t\t\t<li class=\"elementor-icon-list-item\">\n\t\t\t\t\t\t\t\t\t\t\t<span class=\"elementor-icon-list-icon\">\n\t\t\t\t\t\t\t<svg aria-hidden=\"true\" class=\"e-font-icon-svg e-fas-circle\" viewbox=\"0 0 512 512\" xmlns=\"http:\/\/www.w3.org\/2000\/svg\"><path d=\"M256 8C119 8 8 119 8 256s111 248 248 248 248-111 248-248S393 8 256 8z\"><\/path><\/svg>\t\t\t\t\t\t<\/span>\n\t\t\t\t\t\t\t\t\t\t<span class=\"elementor-icon-list-text\">L\u2019administrateur re\u00e7oit la demande par e-mail.<\/span>\n\t\t\t\t\t\t\t\t\t<\/li>\n\t\t\t\t\t\t\t\t<li class=\"elementor-icon-list-item\">\n\t\t\t\t\t\t\t\t\t\t\t<span class=\"elementor-icon-list-icon\">\n\t\t\t\t\t\t\t<svg aria-hidden=\"true\" class=\"e-font-icon-svg e-fas-circle\" viewbox=\"0 0 512 512\" xmlns=\"http:\/\/www.w3.org\/2000\/svg\"><path d=\"M256 8C119 8 8 119 8 256s111 248 248 248 248-111 248-248S393 8 256 8z\"><\/path><\/svg>\t\t\t\t\t\t<\/span>\n\t\t\t\t\t\t\t\t\t\t<span class=\"elementor-icon-list-text\">L\u2019administrateur r\u00e9pond avec un devis d\u00e9taill\u00e9, incluant les frais de livraison.<\/span>\n\t\t\t\t\t\t\t\t\t<\/li>\n\t\t\t\t\t\t<\/ul>\n\t\t\t\t\t\t<\/div>\n\t\t\t\t<div class=\"elementor-element elementor-element-509fe01 elementor-align-center elementor-widget elementor-widget-button\" data-id=\"509fe01\" data-element_type=\"widget\" data-widget_type=\"button.default\">\n\t\t\t\t\t\t\t\t\t\t<a class=\"elementor-button elementor-button-link elementor-size-sm\" href=\"https:\/\/afrikastar.com\/contact-us\/\">\n\t\t\t\t\t\t<span class=\"elementor-button-content-wrapper\">\n\t\t\t\t\t\t\t\t\t<span class=\"elementor-button-text\">Cliquez ici<\/span>\n\t\t\t\t\t<\/span>\n\t\t\t\t\t<\/a>\n\t\t\t\t\t\t\t\t<\/div>\n\t\t\t\t<\/div>\n\t\t<div class=\"elementor-element elementor-element-e13469e e-con-full e-flex e-con e-child\" data-id=\"e13469e\" data-element_type=\"container\">\n\t\t\t\t<\/div>\n\t\t\t\t<\/div>\n\t\t\t\t<\/div>\n\t\t\t\t\t<\/div>\n\t\t\t\t<\/div>\n\t\t\t\t<\/div>","protected":false},"excerpt":{"rendered":"<p>Services Reliable, fast, and affordable internet connectivity for homes, businesses, and communities across Africa. Afrika Star Service At AfrikaStar, we believe that every community deserves fast, reliable, and affordable internet \u2014 no matter where they are. Using advanced satellite technology, we bring broadband connectivity to regions where traditional networks cannot reach. Our services cover over [&hellip;]<\/p>","protected":false},"author":1,"featured_media":0,"parent":0,"menu_order":0,"comment_status":"closed","ping_status":"closed","template":"","meta":{"footnotes":""},"class_list":["post-70","page","type-page","status-publish","hentry"],"jetpack_sharing_enabled":true,"rttpg_featured_image_url":null,"rttpg_author":{"display_name":"afrikaStarAdmin","author_link":"https:\/\/afrikastar.com\/fr\/author\/afrikastaradmin\/"},"rttpg_comment":0,"rttpg_category":null,"rttpg_excerpt":"Services Reliable, fast, and affordable internet connectivity for homes, businesses, and communities across Africa. Afrika Star Service At AfrikaStar, we believe that every community deserves fast, reliable, and affordable internet \u2014 no matter where they are. Using advanced satellite technology, we bring broadband connectivity to regions where traditional networks cannot reach. Our services cover over\u2026","_links":{"self":[{"href":"https:\/\/afrikastar.com\/fr\/wp-json\/wp\/v2\/pages\/70","targetHints":{"allow":["GET"]}}],"collection":[{"href":"https:\/\/afrikastar.com\/fr\/wp-json\/wp\/v2\/pages"}],"about":[{"href":"https:\/\/afrikastar.com\/fr\/wp-json\/wp\/v2\/types\/page"}],"author":[{"embeddable":true,"href":"https:\/\/afrikastar.com\/fr\/wp-json\/wp\/v2\/users\/1"}],"replies":[{"embeddable":true,"href":"https:\/\/afrikastar.com\/fr\/wp-json\/wp\/v2\/comments?post=70"}],"version-history":[{"count":0,"href":"https:\/\/afrikastar.com\/fr\/wp-json\/wp\/v2\/pages\/70\/revisions"}],"wp:attachment":[{"href":"https:\/\/afrikastar.com\/fr\/wp-json\/wp\/v2\/media?parent=70"}],"curies":[{"name":"wp","href":"https:\/\/api.w.org\/{rel}","templated":true}]}}